{"id":58,"date":"2018-11-13T14:24:14","date_gmt":"2018-11-13T14:24:14","guid":{"rendered":"http:\/\/www.muveszetesadminbiztonsag.hu\/?page_id=58"},"modified":"2024-07-24T07:38:59","modified_gmt":"2024-07-24T07:38:59","slug":"projektrol","status":"publish","type":"page","link":"https:\/\/www.muveszetesadminbiztonsag.hu\/","title":{"rendered":"Projektr\u0151l"},"content":{"rendered":"<p style=\"text-align: justify;\">A GINOP-5.3.4-16-2018-00035 azonos\u00edt\u00f3j\u00fa, \u201eMunkabiztons\u00e1g \u00e9s munkaeg\u00e9szs\u00e9g\u00fcgy komplex fejleszt\u00e9se az adminisztr\u00e1ci\u00f3 \u00e9s szolg\u00e1ltat\u00e1st t\u00e1mogat\u00f3 tev\u00e9kenys\u00e9g, \u00e9s a m\u0171v\u00e9szet, sz\u00f3rakoztat\u00e1s, szabadid\u0151 \u00e1gazatok ter\u00e9n\u201d c\u00edm\u0171 projekt\u00fcnk els\u0151dleges c\u00e9lja, hogy seg\u00edtse a munkabiztons\u00e1g \u00e9s munkaeg\u00e9szs\u00e9g\u00fcgy ter\u00fclet\u00e9n jelenleg megl\u00e9v\u0151 szeml\u00e9letm\u00f3d jav\u00edt\u00e1s\u00e1t, melyet a t\u00e9m\u00e1val kapcsolatos ismeretek b\u0151v\u00edt\u00e9s\u00e9vel, a munkav\u00e9delmi szempontokra val\u00f3 figyelemfelh\u00edv\u00e1ssal, illetve a munkav\u00e1llal\u00f3kat \u00e9s munkaad\u00f3kat t\u00e1mogat\u00f3 attit\u0171ddel k\u00edv\u00e1njuk el\u0151seg\u00edteni.<\/p>\n<p>Munkav\u00e9delmi honlap el\u00e9rhet\u0151s\u00e9ge: <span style=\"color: #000000;\"><a style=\"color: #000000;\" href=\"http:\/\/www.munkavedelem-muveszetesadmin.hu\" target=\"_blank\" rel=\"noopener\">http:\/\/www.munkavedelem-muveszetesadmin.hu\/<\/a><\/span><\/p>\n<h5 style=\"text-align: justify;\"><strong>Ehhez az al\u00e1bbi r\u00e9szc\u00e9lokat fogalmaztuk meg:<\/strong><\/h5>\n<p style=\"text-align: justify;\">Az \u00e9rintett \u00e1gazatokban dolgoz\u00f3 munkav\u00e1llal\u00f3k eset\u00e9ben c\u00e9l a munkak\u00f6r\u00fclm\u00e9nyek jav\u00edt\u00e1sa a munkav\u00e1llal\u00f3k szeml\u00e9letform\u00e1l\u00e1sa \u00e9s ismeretb\u0151v\u00edt\u00e9se.<\/p>\n<p style=\"text-align: justify;\">Az \u00e1gazatokban m\u0171k\u00f6d\u0151 munk\u00e1ltat\u00f3k eset\u00e9ben a\u00a0 c\u00e9lzott t\u00e1j\u00e9koztat\u00e1suk a c\u00e9l: a munkak\u00f6r\u00fclm\u00e9nyek jav\u00edt\u00e1sa a munk\u00e1ltat\u00f3k szeml\u00e9letform\u00e1l\u00e1sa.<\/p>\n<p style=\"text-align: justify;\">\u00c1gazatban dolgoz\u00f3 munkav\u00e9delmi k\u00e9pvisel\u0151k eset\u00e9ben pedig egy specializ\u00e1lt k\u00e9pz\u00e9si tananyag kidolgoz\u00e1sa, k\u00e9pz\u00e9s lebonyol\u00edt\u00e1sa : munkak\u00f6r\u00fclm\u00e9nyek jav\u00edt\u00e1sa a munkav\u00e9delmi k\u00e9pvisel\u0151k ismeretb\u0151v\u00edt\u00e9se.<\/p>\n<p style=\"text-align: justify;\">Ezen k\u00edv\u00fcl pedig az \u00e1gazatspecifikus szaktev\u00e9kenys\u00e9g fejleszt\u00e9se, helyzetfelt\u00e1r\u00e1s v\u00e9gz\u00e9se:\u00faj eszk\u00f6z\u00f6k kifejleszt\u00e9se, a megl\u00e9v\u0151 ismeretek m\u00e9ly\u00edt\u00e9se, kutat\u00e1sok lefolytat\u00e1sa, azok eredm\u00e9nyeinek terjeszt\u00e9se a munkak\u00f6r\u00fclm\u00e9nyek jav\u00edt\u00e1sa \u00e9rdek\u00e9ben.<\/p>\n<p style=\"text-align: justify;\">A projekt orsz\u00e1gosan val\u00f3sult meg. T\u00f6bb konvergencia r\u00e9gi\u00f3ra kiterjedve. Ennek hat\u00e9konys\u00e1g\u00e1t az orsz\u00e1gos hat\u00f3k\u00f6rrel rendelkez\u0151 szervezetek k\u00f6zrem\u0171k\u00f6d\u00e9se, p\u00e1ly\u00e1zati r\u00e9szv\u00e9tele biztos\u00edtotta:<\/p>\n<p style=\"text-align: justify;\">F\u0151p\u00e1ly\u00e1z\u00f3k\u00e9nt a\u00a0 Magyar Iparsz\u00f6vets\u00e9g (OKISZ)<\/p>\n<p style=\"text-align: justify;\">Konzorciumi partnerk\u00e9nt pedig a Szakszervezetek Egy\u00fcttm\u0171k\u00f6d\u00e9si F\u00f3ruma (SzEF).<\/p>\n<p style=\"text-align: justify;\">A megval\u00f3s\u00edt\u00e1s sor\u00e1n t\u00f6bb \u00e9rdekv\u00e9delmi (munk\u00e1ltat\u00f3i \u00e9s munkav\u00e9delmi szervezet egy\u00fcttm\u0171k\u00f6d\u00e9s\u00e9re is sz\u00e1m\u00edthattunk).<\/p>\n<h4><\/h4>\n<h4><strong>Alapadatok:<\/strong><\/h4>\n<p style=\"text-align: justify;\">P\u00e1ly\u00e1z\u00f3 neve:\u00a0 Magyar Iparsz\u00f6vets\u00e9g<\/p>\n<p style=\"text-align: justify;\">Projekt megnevez\u00e9se: Munkabiztons\u00e1g \u00e9s a munkaeg\u00e9szs\u00e9g\u00fcgy komplex fejleszt\u00e9se az adminisztrat\u00edv \u00e9s szolg\u00e1ltat\u00e1st t\u00e1mogat\u00f3 tev\u00e9kenys\u00e9g, \u00e9s a m\u0171v\u00e9szet, sz\u00f3rakoztat\u00e1s, szabadid\u0151 \u00e1gazatok ter\u00e9n.<\/p>\n<p>OP n\u00e9v: GINOP<\/p>\n<p>P\u00e1ly\u00e1zati ki\u00edr\u00e1s megnevez\u00e9se: GINOP-5.3.4-16 &#8211; A munkahelyi eg\u00e9szs\u00e9g \u00e9s biztons\u00e1g fejleszt\u00e9se<\/p>\n<p>Projekt helysz\u00edne (r\u00e9gi\u00f3): K\u00f6z\u00e9p-Dun\u00e1nt\u00fal<\/p>\n<p>Projekt helysz\u00edne (megye): Kom\u00e1rom-Esztergom<\/p>\n<p>Projekt helysz\u00edne (telep\u00fcl\u00e9s): Tatab\u00e1nya<\/p>\n<p>Meg\u00edt\u00e9lt \u00f6sszeg: 89 926 680 Ft<\/p>\n<p>T\u00e1mogat\u00e1s ar\u00e1nya:\u00a0 \u00a0 \u00a0100<\/p>\n<p>T\u00e1mogat\u00e1si d\u00f6nt\u00e9s d\u00e1tuma: 2018.04.04<\/p>\n<p>Forr\u00e1s: ESZA<\/p>\n<p>Orsz\u00e1g:\u00a0 Magyarorsz\u00e1g<\/p>\n<p>Uni\u00f3s t\u00e1rsfinansz\u00edroz\u00e1si r\u00e1ta: 85,999998 &#8211; ESZA<\/p>\n<p>Projekt \u00f6sszk\u00f6lts\u00e9g: 89 926 680 Ft<\/p>\n<h4><strong>Szerz\u0151d\u00e9s adatai:<\/strong><\/h4>\n<p>Megval\u00f3s\u00edt\u00e1s kezdete: 2018-06-01<\/p>\n<p>Megval\u00f3s\u00edt\u00e1s v\u00e9ge: 2019-11-30<\/p>\n ","protected":false},"excerpt":{"rendered":"<p>A GINOP-5.3.4-16-2018-00035 azonos\u00edt\u00f3j\u00fa, \u201eMunkabiztons\u00e1g \u00e9s munkaeg\u00e9szs\u00e9g\u00fcgy komplex fejleszt\u00e9se az adminisztr\u00e1ci\u00f3 \u00e9s szolg\u00e1ltat\u00e1st t\u00e1mogat\u00f3 tev\u00e9kenys\u00e9g, \u00e9s a m\u0171v\u00e9szet, sz\u00f3rakoztat\u00e1s, szabadid\u0151 \u00e1gazatok ter\u00e9n\u201d c\u00edm\u0171 projekt\u00fcnk els\u0151dleges c\u00e9lja, hogy seg\u00edtse a munkabiztons\u00e1g \u00e9s munkaeg\u00e9szs\u00e9g\u00fcgy ter\u00fclet\u00e9n jelenleg megl\u00e9v\u0151 szeml\u00e9letm\u00f3d jav\u00edt\u00e1s\u00e1t, melyet a t\u00e9m\u00e1val kapcsolatos ismeretek b\u0151v\u00edt\u00e9s\u00e9vel, a munkav\u00e9delmi szempontokra val\u00f3 figyelemfelh\u00edv\u00e1ssal, illetve a munkav\u00e1llal\u00f3kat \u00e9s munkaad\u00f3kat t\u00e1mogat\u00f3 attit\u0171ddel k\u00edv\u00e1njuk el\u0151seg\u00edteni. Munkav\u00e9delmi honlap el\u00e9rhet\u0151s\u00e9ge: http:\/\/www.munkavedelem-muveszetesadmin.hu\/ Ehhez az al\u00e1bbi r\u00e9szc\u00e9lokat fogalmaztuk meg: Az \u00e9rintett \u00e1gazatokban dolgoz\u00f3 munkav\u00e1llal\u00f3k eset\u00e9ben c\u00e9l a munkak\u00f6r\u00fclm\u00e9nyek jav\u00edt\u00e1sa a munkav\u00e1llal\u00f3k szeml\u00e9letform\u00e1l\u00e1sa \u00e9s ismeretb\u0151v\u00edt\u00e9se. Az \u00e1gazatokban m\u0171k\u00f6d\u0151 munk\u00e1ltat\u00f3k eset\u00e9ben a\u00a0 c\u00e9lzott t\u00e1j\u00e9koztat\u00e1suk a c\u00e9l: a munkak\u00f6r\u00fclm\u00e9nyek jav\u00edt\u00e1sa a munk\u00e1ltat\u00f3k szeml\u00e9letform\u00e1l\u00e1sa. \u00c1gazatban dolgoz\u00f3 munkav\u00e9delmi k\u00e9pvisel\u0151k eset\u00e9ben pedig egy specializ\u00e1lt k\u00e9pz\u00e9si tananyag kidolgoz\u00e1sa, k\u00e9pz\u00e9s lebonyol\u00edt\u00e1sa : munkak\u00f6r\u00fclm\u00e9nyek jav\u00edt\u00e1sa a munkav\u00e9delmi k\u00e9pvisel\u0151k ismeretb\u0151v\u00edt\u00e9se. Ezen k\u00edv\u00fcl pedig az \u00e1gazatspecifikus szaktev\u00e9kenys\u00e9g fejleszt\u00e9se, helyzetfelt\u00e1r\u00e1s v\u00e9gz\u00e9se:\u00faj eszk\u00f6z\u00f6k kifejleszt\u00e9se, a megl\u00e9v\u0151 ismeretek m\u00e9ly\u00edt\u00e9se, kutat\u00e1sok lefolytat\u00e1sa, azok eredm\u00e9nyeinek terjeszt\u00e9se a munkak\u00f6r\u00fclm\u00e9nyek jav\u00edt\u00e1sa \u00e9rdek\u00e9ben. A projekt orsz\u00e1gosan val\u00f3sult meg. T\u00f6bb konvergencia r\u00e9gi\u00f3ra kiterjedve. Ennek hat\u00e9konys\u00e1g\u00e1t az orsz\u00e1gos hat\u00f3k\u00f6rrel rendelkez\u0151 szervezetek k\u00f6zrem\u0171k\u00f6d\u00e9se, p\u00e1ly\u00e1zati r\u00e9szv\u00e9tele biztos\u00edtotta: F\u0151p\u00e1ly\u00e1z\u00f3k\u00e9nt a\u00a0 Magyar Iparsz\u00f6vets\u00e9g (OKISZ) Konzorciumi partnerk\u00e9nt pedig a Szakszervezetek Egy\u00fcttm\u0171k\u00f6d\u00e9si F\u00f3ruma (SzEF). A megval\u00f3s\u00edt\u00e1s sor\u00e1n t\u00f6bb \u00e9rdekv\u00e9delmi (munk\u00e1ltat\u00f3i \u00e9s munkav\u00e9delmi szervezet egy\u00fcttm\u0171k\u00f6d\u00e9s\u00e9re is sz\u00e1m\u00edthattunk). Alapadatok: P\u00e1ly\u00e1z\u00f3 neve:\u00a0 Magyar Iparsz\u00f6vets\u00e9g Projekt megnevez\u00e9se: Munkabiztons\u00e1g \u00e9s a munkaeg\u00e9szs\u00e9g\u00fcgy komplex fejleszt\u00e9se az adminisztrat\u00edv \u00e9s szolg\u00e1ltat\u00e1st t\u00e1mogat\u00f3 tev\u00e9kenys\u00e9g, \u00e9s a m\u0171v\u00e9szet, sz\u00f3rakoztat\u00e1s, szabadid\u0151 \u00e1gazatok ter\u00e9n. OP n\u00e9v: GINOP P\u00e1ly\u00e1zati ki\u00edr\u00e1s megnevez\u00e9se: GINOP-5.3.4-16 &#8211; A munkahelyi eg\u00e9szs\u00e9g \u00e9s biztons\u00e1g fejleszt\u00e9se Projekt helysz\u00edne (r\u00e9gi\u00f3): K\u00f6z\u00e9p-Dun\u00e1nt\u00fal Projekt helysz\u00edne (megye): Kom\u00e1rom-Esztergom Projekt helysz\u00edne (telep\u00fcl\u00e9s): Tatab\u00e1nya Meg\u00edt\u00e9lt \u00f6sszeg: 89 926 680 Ft T\u00e1mogat\u00e1s ar\u00e1nya:\u00a0 \u00a0 \u00a0100 T\u00e1mogat\u00e1si d\u00f6nt\u00e9s d\u00e1tuma: 2018.04.04 Forr\u00e1s: ESZA Orsz\u00e1g:\u00a0 Magyarorsz\u00e1g Uni\u00f3s t\u00e1rsfinansz\u00edroz\u00e1si r\u00e1ta: 85,999998 &#8211; ESZA Projekt \u00f6sszk\u00f6lts\u00e9g: 89 926 680 Ft Szerz\u0151d\u00e9s adatai: Megval\u00f3s\u00edt\u00e1s kezdete: 2018-06-01 Megval\u00f3s\u00edt\u00e1s v\u00e9ge: 2019-11-30<\/p>\n","protected":false},"author":2,"featured_media":0,"parent":52,"menu_order":0,"comment_status":"closed","ping_status":"closed","template":"","meta":{"footnotes":""},"class_list":["post-58","page","type-page","status-publish","hentry"],"_links":{"self":[{"href":"https:\/\/www.muveszetesadminbiztonsag.hu\/index.php\/wp-json\/wp\/v2\/pages\/58","targetHints":{"allow":["GET"]}}],"collection":[{"href":"https:\/\/www.muveszetesadminbiztonsag.hu\/index.php\/wp-json\/wp\/v2\/pages"}],"about":[{"href":"https:\/\/www.muveszetesadminbiztonsag.hu\/index.php\/wp-json\/wp\/v2\/types\/page"}],"author":[{"embeddable":true,"href":"https:\/\/www.muveszetesadminbiztonsag.hu\/index.php\/wp-json\/wp\/v2\/users\/2"}],"replies":[{"embeddable":true,"href":"https:\/\/www.muveszetesadminbiztonsag.hu\/index.php\/wp-json\/wp\/v2\/comments?post=58"}],"version-history":[{"count":22,"href":"https:\/\/www.muveszetesadminbiztonsag.hu\/index.php\/wp-json\/wp\/v2\/pages\/58\/revisions"}],"predecessor-version":[{"id":647,"href":"https:\/\/www.muveszetesadminbiztonsag.hu\/index.php\/wp-json\/wp\/v2\/pages\/58\/revisions\/647"}],"up":[{"embeddable":true,"href":"https:\/\/www.muveszetesadminbiztonsag.hu\/index.php\/wp-json\/wp\/v2\/pages\/52"}],"wp:attachment":[{"href":"https:\/\/www.muveszetesadminbiztonsag.hu\/index.php\/wp-json\/wp\/v2\/media?parent=58"}],"curies":[{"name":"wp","href":"https:\/\/api.w.org\/{rel}","templated":true}]}}