{"id":50,"date":"2018-11-13T14:22:09","date_gmt":"2018-11-13T14:22:09","guid":{"rendered":"http:\/\/www.muveszetesadminbiztonsag.hu\/?page_id=50"},"modified":"2024-07-24T07:43:21","modified_gmt":"2024-07-24T07:43:21","slug":"rendezvenyek","status":"publish","type":"page","link":"https:\/\/www.muveszetesadminbiztonsag.hu\/index.php\/tevekenysegek\/rendezvenyek\/","title":{"rendered":"Rendezv\u00e9nyek"},"content":{"rendered":"<p>A projekt sor\u00e1n a c\u00e9lcsoportnak sz\u00f3l\u00f3 t\u00e1j\u00e9koztat\u00f3 rendezv\u00e9nyek val\u00f3sultak meg. A rendezv\u00e9nyek sor\u00e1n az \u00e9rintett munkav\u00e1llal\u00f3k, munk\u00e1ltat\u00f3k inform\u00e1ci\u00f3b\u0151v\u00edt\u00e9se volt a c\u00e9l, els\u0151sorban, hogy milyen \u00e1gazat- \u00e9s munkak\u00f6rspecifikus kock\u00e1zatokra sz\u00fcks\u00e9ges a munkav\u00e9gz\u00e9s sor\u00e1n hangs\u00falyt, figyelmet ford\u00edtani. A prevenci\u00f3, eg\u00e9szs\u00e9gmeg\u0151rz\u00e9s m\u00f3djainak k\u00f6zvetlen ismertet\u00e9s\u00e9nek kiv\u00e1l\u00f3 m\u00f3dja.<\/p>\n<p>A projekt sor\u00e1n 6 db rendezv\u00e9ny ker\u00fclt megrendez\u00e9sre \u00f6sszesen 300 f\u0151 (rendezv\u00e9nyenk\u00e9nt 50 f\u0151) r\u00e9szv\u00e9tel\u00e9vel.<\/p>\n<h4>\u00a0<\/h4>\n<h4><strong>A rendezv\u00e9nyek az al\u00e1bbi id\u0151pontban \u00e9s telep\u00fcl\u00e9seken val\u00f3sultak meg:<\/strong><\/h4>\n<p>2019.07.24. Szolnok<\/p>\n<p>2019.08.14. Pipishegy<\/p>\n<p>2019.11.05. Tatab\u00e1nya<\/p>\n<p>2019.11.12. Tatab\u00e1nya<\/p>\n<p>2019.11.18. Tatab\u00e1nya<\/p>\n<p>2019.11.21. Demj\u00e9n<\/p>\n<p><em>A rendezv\u00e9nyekr\u0151l tov\u00e1bbi fot\u00f3k a Gal\u00e9ri\u00e1ban tekinthet\u0151ek meg.<\/em><\/p>\n<h4>\u00a0<\/h4>\n<h4 style=\"text-align: center;\"><strong>Szolnok &#8211; 2019.07.24.<\/strong><\/h4>\n\n\n<figure class=\"wp-block-gallery has-nested-images columns-default is-cropped wp-block-gallery-1 is-layout-flex wp-block-gallery-is-layout-flex\">\n<figure class=\"wp-block-image size-large\"><a href=\"https:\/\/www.muveszetesadminbiztonsag.hu\/wp-content\/uploads\/2020\/09\/IMG_1994-scaled.jpg\"><img loading=\"lazy\" decoding=\"async\" width=\"1024\" height=\"768\" data-id=\"573\" src=\"https:\/\/www.muveszetesadminbiztonsag.hu\/wp-content\/uploads\/2020\/09\/IMG_1994-1024x768.jpg\" alt=\"\" class=\"wp-image-573\" srcset=\"https:\/\/www.muveszetesadminbiztonsag.hu\/wp-content\/uploads\/2020\/09\/IMG_1994-1024x768.jpg 1024w, https:\/\/www.muveszetesadminbiztonsag.hu\/wp-content\/uploads\/2020\/09\/IMG_1994-300x225.jpg 300w, https:\/\/www.muveszetesadminbiztonsag.hu\/wp-content\/uploads\/2020\/09\/IMG_1994-768x576.jpg 768w, https:\/\/www.muveszetesadminbiztonsag.hu\/wp-content\/uploads\/2020\/09\/IMG_1994-1536x1152.jpg 1536w, https:\/\/www.muveszetesadminbiztonsag.hu\/wp-content\/uploads\/2020\/09\/IMG_1994-2048x1536.jpg 2048w, https:\/\/www.muveszetesadminbiztonsag.hu\/wp-content\/uploads\/2020\/09\/IMG_1994-1140x855.jpg 1140w\" sizes=\"auto, (max-width: 1024px) 100vw, 1024px\" \/><\/a><\/figure>\n\n\n\n<figure class=\"wp-block-image size-large\"><a href=\"https:\/\/www.muveszetesadminbiztonsag.hu\/wp-content\/uploads\/2020\/09\/IMG_20200724_131156-scaled.jpg\"><img loading=\"lazy\" decoding=\"async\" width=\"1024\" height=\"472\" data-id=\"574\" src=\"https:\/\/www.muveszetesadminbiztonsag.hu\/wp-content\/uploads\/2020\/09\/IMG_20200724_131156-1024x472.jpg\" alt=\"\" class=\"wp-image-574\" srcset=\"https:\/\/www.muveszetesadminbiztonsag.hu\/wp-content\/uploads\/2020\/09\/IMG_20200724_131156-1024x472.jpg 1024w, https:\/\/www.muveszetesadminbiztonsag.hu\/wp-content\/uploads\/2020\/09\/IMG_20200724_131156-300x138.jpg 300w, https:\/\/www.muveszetesadminbiztonsag.hu\/wp-content\/uploads\/2020\/09\/IMG_20200724_131156-768x354.jpg 768w, https:\/\/www.muveszetesadminbiztonsag.hu\/wp-content\/uploads\/2020\/09\/IMG_20200724_131156-1536x707.jpg 1536w, https:\/\/www.muveszetesadminbiztonsag.hu\/wp-content\/uploads\/2020\/09\/IMG_20200724_131156-2048x943.jpg 2048w, https:\/\/www.muveszetesadminbiztonsag.hu\/wp-content\/uploads\/2020\/09\/IMG_20200724_131156-1140x525.jpg 1140w\" sizes=\"auto, (max-width: 1024px) 100vw, 1024px\" \/><\/a><\/figure>\n\n\n\n<figure class=\"wp-block-image size-large\"><a href=\"https:\/\/www.muveszetesadminbiztonsag.hu\/wp-content\/uploads\/2020\/09\/IMG_20200724_131305-scaled.jpg\"><img loading=\"lazy\" decoding=\"async\" width=\"1024\" height=\"472\" data-id=\"575\" src=\"https:\/\/www.muveszetesadminbiztonsag.hu\/wp-content\/uploads\/2020\/09\/IMG_20200724_131305-1024x472.jpg\" alt=\"\" class=\"wp-image-575\" srcset=\"https:\/\/www.muveszetesadminbiztonsag.hu\/wp-content\/uploads\/2020\/09\/IMG_20200724_131305-1024x472.jpg 1024w, https:\/\/www.muveszetesadminbiztonsag.hu\/wp-content\/uploads\/2020\/09\/IMG_20200724_131305-300x138.jpg 300w, https:\/\/www.muveszetesadminbiztonsag.hu\/wp-content\/uploads\/2020\/09\/IMG_20200724_131305-768x354.jpg 768w, https:\/\/www.muveszetesadminbiztonsag.hu\/wp-content\/uploads\/2020\/09\/IMG_20200724_131305-1536x707.jpg 1536w, https:\/\/www.muveszetesadminbiztonsag.hu\/wp-content\/uploads\/2020\/09\/IMG_20200724_131305-2048x943.jpg 2048w, https:\/\/www.muveszetesadminbiztonsag.hu\/wp-content\/uploads\/2020\/09\/IMG_20200724_131305-1140x525.jpg 1140w\" sizes=\"auto, (max-width: 1024px) 100vw, 1024px\" \/><\/a><\/figure>\n<\/figure>\n\n\n<h4>\u00a0<\/h4>\n<h4 style=\"text-align: center;\"><strong>Pipishegy &#8211; 2019.08.14.<\/strong><\/h4>\n<\/p>\n\n\n<figure class=\"wp-block-gallery has-nested-images columns-default is-cropped wp-block-gallery-2 is-layout-flex wp-block-gallery-is-layout-flex\">\n<figure class=\"wp-block-image size-large\"><a href=\"https:\/\/www.muveszetesadminbiztonsag.hu\/wp-content\/uploads\/2020\/09\/IMG_2136-scaled.jpg\"><img loading=\"lazy\" decoding=\"async\" width=\"1024\" height=\"768\" data-id=\"576\" src=\"https:\/\/www.muveszetesadminbiztonsag.hu\/wp-content\/uploads\/2020\/09\/IMG_2136-1024x768.jpg\" alt=\"\" class=\"wp-image-576\" srcset=\"https:\/\/www.muveszetesadminbiztonsag.hu\/wp-content\/uploads\/2020\/09\/IMG_2136-1024x768.jpg 1024w, https:\/\/www.muveszetesadminbiztonsag.hu\/wp-content\/uploads\/2020\/09\/IMG_2136-300x225.jpg 300w, https:\/\/www.muveszetesadminbiztonsag.hu\/wp-content\/uploads\/2020\/09\/IMG_2136-768x576.jpg 768w, https:\/\/www.muveszetesadminbiztonsag.hu\/wp-content\/uploads\/2020\/09\/IMG_2136-1536x1152.jpg 1536w, https:\/\/www.muveszetesadminbiztonsag.hu\/wp-content\/uploads\/2020\/09\/IMG_2136-2048x1536.jpg 2048w, https:\/\/www.muveszetesadminbiztonsag.hu\/wp-content\/uploads\/2020\/09\/IMG_2136-1140x855.jpg 1140w\" sizes=\"auto, (max-width: 1024px) 100vw, 1024px\" \/><\/a><\/figure>\n\n\n\n<figure class=\"wp-block-image size-large\"><a href=\"https:\/\/www.muveszetesadminbiztonsag.hu\/wp-content\/uploads\/2020\/09\/IMG_2148-scaled.jpg\"><img loading=\"lazy\" decoding=\"async\" width=\"1024\" height=\"768\" data-id=\"577\" src=\"https:\/\/www.muveszetesadminbiztonsag.hu\/wp-content\/uploads\/2020\/09\/IMG_2148-1024x768.jpg\" alt=\"\" class=\"wp-image-577\" srcset=\"https:\/\/www.muveszetesadminbiztonsag.hu\/wp-content\/uploads\/2020\/09\/IMG_2148-1024x768.jpg 1024w, https:\/\/www.muveszetesadminbiztonsag.hu\/wp-content\/uploads\/2020\/09\/IMG_2148-300x225.jpg 300w, https:\/\/www.muveszetesadminbiztonsag.hu\/wp-content\/uploads\/2020\/09\/IMG_2148-768x576.jpg 768w, https:\/\/www.muveszetesadminbiztonsag.hu\/wp-content\/uploads\/2020\/09\/IMG_2148-1536x1152.jpg 1536w, https:\/\/www.muveszetesadminbiztonsag.hu\/wp-content\/uploads\/2020\/09\/IMG_2148-2048x1536.jpg 2048w, https:\/\/www.muveszetesadminbiztonsag.hu\/wp-content\/uploads\/2020\/09\/IMG_2148-1140x855.jpg 1140w\" sizes=\"auto, (max-width: 1024px) 100vw, 1024px\" \/><\/a><\/figure>\n\n\n\n<figure class=\"wp-block-image size-large\"><a href=\"https:\/\/www.muveszetesadminbiztonsag.hu\/wp-content\/uploads\/2020\/09\/IMG_3831-scaled.jpg\"><img loading=\"lazy\" decoding=\"async\" width=\"1024\" height=\"768\" data-id=\"578\" src=\"https:\/\/www.muveszetesadminbiztonsag.hu\/wp-content\/uploads\/2020\/09\/IMG_3831-1024x768.jpg\" alt=\"\" class=\"wp-image-578\" srcset=\"https:\/\/www.muveszetesadminbiztonsag.hu\/wp-content\/uploads\/2020\/09\/IMG_3831-1024x768.jpg 1024w, https:\/\/www.muveszetesadminbiztonsag.hu\/wp-content\/uploads\/2020\/09\/IMG_3831-300x225.jpg 300w, https:\/\/www.muveszetesadminbiztonsag.hu\/wp-content\/uploads\/2020\/09\/IMG_3831-768x576.jpg 768w, https:\/\/www.muveszetesadminbiztonsag.hu\/wp-content\/uploads\/2020\/09\/IMG_3831-1536x1152.jpg 1536w, https:\/\/www.muveszetesadminbiztonsag.hu\/wp-content\/uploads\/2020\/09\/IMG_3831-2048x1536.jpg 2048w, https:\/\/www.muveszetesadminbiztonsag.hu\/wp-content\/uploads\/2020\/09\/IMG_3831-1140x855.jpg 1140w\" sizes=\"auto, (max-width: 1024px) 100vw, 1024px\" \/><\/a><\/figure>\n<\/figure>\n\n\n<h4>\u00a0<\/h4>\n<h4 style=\"text-align: center;\"><strong>Tatab\u00e1nya &#8211; 2019.11.05.<\/strong><\/h4>\n<\/p>\n\n\n<figure class=\"wp-block-gallery has-nested-images columns-default is-cropped wp-block-gallery-3 is-layout-flex wp-block-gallery-is-layout-flex\">\n<figure class=\"wp-block-image size-large\"><a href=\"https:\/\/www.muveszetesadminbiztonsag.hu\/wp-content\/uploads\/2020\/02\/IMG_1345-1-scaled.jpg\"><img loading=\"lazy\" decoding=\"async\" width=\"1024\" height=\"768\" data-id=\"379\" src=\"https:\/\/www.muveszetesadminbiztonsag.hu\/wp-content\/uploads\/2020\/02\/IMG_1345-1-1024x768.jpg\" alt=\"\" class=\"wp-image-379\" srcset=\"https:\/\/www.muveszetesadminbiztonsag.hu\/wp-content\/uploads\/2020\/02\/IMG_1345-1-1024x768.jpg 1024w, https:\/\/www.muveszetesadminbiztonsag.hu\/wp-content\/uploads\/2020\/02\/IMG_1345-1-300x225.jpg 300w, https:\/\/www.muveszetesadminbiztonsag.hu\/wp-content\/uploads\/2020\/02\/IMG_1345-1-768x576.jpg 768w, https:\/\/www.muveszetesadminbiztonsag.hu\/wp-content\/uploads\/2020\/02\/IMG_1345-1-1536x1152.jpg 1536w, https:\/\/www.muveszetesadminbiztonsag.hu\/wp-content\/uploads\/2020\/02\/IMG_1345-1-2048x1536.jpg 2048w, https:\/\/www.muveszetesadminbiztonsag.hu\/wp-content\/uploads\/2020\/02\/IMG_1345-1-1140x855.jpg 1140w\" sizes=\"auto, (max-width: 1024px) 100vw, 1024px\" \/><\/a><\/figure>\n\n\n\n<figure class=\"wp-block-image size-large\"><a href=\"https:\/\/www.muveszetesadminbiztonsag.hu\/wp-content\/uploads\/2020\/02\/IMG_1280-1-scaled.jpg\"><img loading=\"lazy\" decoding=\"async\" width=\"1024\" height=\"768\" data-id=\"380\" src=\"https:\/\/www.muveszetesadminbiztonsag.hu\/wp-content\/uploads\/2020\/02\/IMG_1280-1-1024x768.jpg\" alt=\"\" class=\"wp-image-380\" srcset=\"https:\/\/www.muveszetesadminbiztonsag.hu\/wp-content\/uploads\/2020\/02\/IMG_1280-1-1024x768.jpg 1024w, https:\/\/www.muveszetesadminbiztonsag.hu\/wp-content\/uploads\/2020\/02\/IMG_1280-1-300x225.jpg 300w, https:\/\/www.muveszetesadminbiztonsag.hu\/wp-content\/uploads\/2020\/02\/IMG_1280-1-768x576.jpg 768w, https:\/\/www.muveszetesadminbiztonsag.hu\/wp-content\/uploads\/2020\/02\/IMG_1280-1-1536x1152.jpg 1536w, https:\/\/www.muveszetesadminbiztonsag.hu\/wp-content\/uploads\/2020\/02\/IMG_1280-1-2048x1536.jpg 2048w, https:\/\/www.muveszetesadminbiztonsag.hu\/wp-content\/uploads\/2020\/02\/IMG_1280-1-1140x855.jpg 1140w\" sizes=\"auto, (max-width: 1024px) 100vw, 1024px\" \/><\/a><\/figure>\n\n\n\n<figure class=\"wp-block-image size-large\"><a href=\"https:\/\/www.muveszetesadminbiztonsag.hu\/wp-content\/uploads\/2020\/02\/IMG_1286-1-scaled.jpg\"><img loading=\"lazy\" decoding=\"async\" width=\"1024\" height=\"768\" data-id=\"381\" src=\"https:\/\/www.muveszetesadminbiztonsag.hu\/wp-content\/uploads\/2020\/02\/IMG_1286-1-1024x768.jpg\" alt=\"\" class=\"wp-image-381\" srcset=\"https:\/\/www.muveszetesadminbiztonsag.hu\/wp-content\/uploads\/2020\/02\/IMG_1286-1-1024x768.jpg 1024w, https:\/\/www.muveszetesadminbiztonsag.hu\/wp-content\/uploads\/2020\/02\/IMG_1286-1-300x225.jpg 300w, https:\/\/www.muveszetesadminbiztonsag.hu\/wp-content\/uploads\/2020\/02\/IMG_1286-1-768x576.jpg 768w, https:\/\/www.muveszetesadminbiztonsag.hu\/wp-content\/uploads\/2020\/02\/IMG_1286-1-1536x1152.jpg 1536w, https:\/\/www.muveszetesadminbiztonsag.hu\/wp-content\/uploads\/2020\/02\/IMG_1286-1-2048x1536.jpg 2048w, https:\/\/www.muveszetesadminbiztonsag.hu\/wp-content\/uploads\/2020\/02\/IMG_1286-1-1140x855.jpg 1140w\" sizes=\"auto, (max-width: 1024px) 100vw, 1024px\" \/><\/a><\/figure>\n<\/figure>\n\n\n<\/p>\n<h4 style=\"text-align: center;\"><strong>Tatab\u00e1nya &#8211; 2019.11.12.<\/strong><\/h4>\n<\/p>\n\n\n<figure class=\"wp-block-gallery has-nested-images columns-default is-cropped wp-block-gallery-4 is-layout-flex wp-block-gallery-is-layout-flex\">\n<figure class=\"wp-block-image size-large\"><a href=\"https:\/\/www.muveszetesadminbiztonsag.hu\/wp-content\/uploads\/2020\/02\/IMG_0885-scaled.jpg\"><img loading=\"lazy\" decoding=\"async\" width=\"1024\" height=\"768\" data-id=\"396\" src=\"https:\/\/www.muveszetesadminbiztonsag.hu\/wp-content\/uploads\/2020\/02\/IMG_0885-1024x768.jpg\" alt=\"\" class=\"wp-image-396\" srcset=\"https:\/\/www.muveszetesadminbiztonsag.hu\/wp-content\/uploads\/2020\/02\/IMG_0885-1024x768.jpg 1024w, https:\/\/www.muveszetesadminbiztonsag.hu\/wp-content\/uploads\/2020\/02\/IMG_0885-300x225.jpg 300w, https:\/\/www.muveszetesadminbiztonsag.hu\/wp-content\/uploads\/2020\/02\/IMG_0885-768x576.jpg 768w, https:\/\/www.muveszetesadminbiztonsag.hu\/wp-content\/uploads\/2020\/02\/IMG_0885-1536x1152.jpg 1536w, https:\/\/www.muveszetesadminbiztonsag.hu\/wp-content\/uploads\/2020\/02\/IMG_0885-2048x1536.jpg 2048w, https:\/\/www.muveszetesadminbiztonsag.hu\/wp-content\/uploads\/2020\/02\/IMG_0885-1140x855.jpg 1140w\" sizes=\"auto, (max-width: 1024px) 100vw, 1024px\" \/><\/a><\/figure>\n\n\n\n<figure class=\"wp-block-image size-large\"><a href=\"https:\/\/www.muveszetesadminbiztonsag.hu\/wp-content\/uploads\/2020\/02\/IMG_0886-scaled.jpg\"><img loading=\"lazy\" decoding=\"async\" width=\"1024\" height=\"768\" data-id=\"397\" src=\"https:\/\/www.muveszetesadminbiztonsag.hu\/wp-content\/uploads\/2020\/02\/IMG_0886-1024x768.jpg\" alt=\"\" class=\"wp-image-397\" srcset=\"https:\/\/www.muveszetesadminbiztonsag.hu\/wp-content\/uploads\/2020\/02\/IMG_0886-1024x768.jpg 1024w, https:\/\/www.muveszetesadminbiztonsag.hu\/wp-content\/uploads\/2020\/02\/IMG_0886-300x225.jpg 300w, https:\/\/www.muveszetesadminbiztonsag.hu\/wp-content\/uploads\/2020\/02\/IMG_0886-768x576.jpg 768w, https:\/\/www.muveszetesadminbiztonsag.hu\/wp-content\/uploads\/2020\/02\/IMG_0886-1536x1152.jpg 1536w, https:\/\/www.muveszetesadminbiztonsag.hu\/wp-content\/uploads\/2020\/02\/IMG_0886-2048x1536.jpg 2048w, https:\/\/www.muveszetesadminbiztonsag.hu\/wp-content\/uploads\/2020\/02\/IMG_0886-1140x855.jpg 1140w\" sizes=\"auto, (max-width: 1024px) 100vw, 1024px\" \/><\/a><\/figure>\n\n\n\n<figure class=\"wp-block-image size-large\"><a href=\"https:\/\/www.muveszetesadminbiztonsag.hu\/wp-content\/uploads\/2020\/02\/IMG_0888-scaled.jpg\"><img loading=\"lazy\" decoding=\"async\" width=\"1024\" height=\"768\" data-id=\"395\" src=\"https:\/\/www.muveszetesadminbiztonsag.hu\/wp-content\/uploads\/2020\/02\/IMG_0888-1024x768.jpg\" alt=\"\" class=\"wp-image-395\" srcset=\"https:\/\/www.muveszetesadminbiztonsag.hu\/wp-content\/uploads\/2020\/02\/IMG_0888-1024x768.jpg 1024w, https:\/\/www.muveszetesadminbiztonsag.hu\/wp-content\/uploads\/2020\/02\/IMG_0888-300x225.jpg 300w, https:\/\/www.muveszetesadminbiztonsag.hu\/wp-content\/uploads\/2020\/02\/IMG_0888-768x576.jpg 768w, https:\/\/www.muveszetesadminbiztonsag.hu\/wp-content\/uploads\/2020\/02\/IMG_0888-1536x1152.jpg 1536w, https:\/\/www.muveszetesadminbiztonsag.hu\/wp-content\/uploads\/2020\/02\/IMG_0888-2048x1536.jpg 2048w, https:\/\/www.muveszetesadminbiztonsag.hu\/wp-content\/uploads\/2020\/02\/IMG_0888-1140x855.jpg 1140w\" sizes=\"auto, (max-width: 1024px) 100vw, 1024px\" \/><\/a><\/figure>\n<\/figure>\n\n\n<\/p>\n<h4 style=\"text-align: center;\"><strong>Tatab\u00e1nya &#8211; 2019.11.18.<\/strong><\/h4>\n<\/p>\n\n\n<figure class=\"wp-block-gallery has-nested-images columns-default is-cropped wp-block-gallery-5 is-layout-flex wp-block-gallery-is-layout-flex\">\n<figure class=\"wp-block-image size-large\"><a href=\"https:\/\/www.muveszetesadminbiztonsag.hu\/wp-content\/uploads\/2020\/02\/IMG_6273-scaled.jpg\"><img loading=\"lazy\" decoding=\"async\" width=\"1024\" height=\"387\" data-id=\"402\" src=\"https:\/\/www.muveszetesadminbiztonsag.hu\/wp-content\/uploads\/2020\/02\/IMG_6273-1024x387.jpg\" alt=\"\" class=\"wp-image-402\" srcset=\"https:\/\/www.muveszetesadminbiztonsag.hu\/wp-content\/uploads\/2020\/02\/IMG_6273-1024x387.jpg 1024w, https:\/\/www.muveszetesadminbiztonsag.hu\/wp-content\/uploads\/2020\/02\/IMG_6273-300x113.jpg 300w, https:\/\/www.muveszetesadminbiztonsag.hu\/wp-content\/uploads\/2020\/02\/IMG_6273-768x290.jpg 768w, https:\/\/www.muveszetesadminbiztonsag.hu\/wp-content\/uploads\/2020\/02\/IMG_6273-1536x580.jpg 1536w, https:\/\/www.muveszetesadminbiztonsag.hu\/wp-content\/uploads\/2020\/02\/IMG_6273-2048x774.jpg 2048w, https:\/\/www.muveszetesadminbiztonsag.hu\/wp-content\/uploads\/2020\/02\/IMG_6273-1140x431.jpg 1140w\" sizes=\"auto, (max-width: 1024px) 100vw, 1024px\" \/><\/a><\/figure>\n\n\n\n<figure class=\"wp-block-image size-large\"><a href=\"https:\/\/www.muveszetesadminbiztonsag.hu\/wp-content\/uploads\/2020\/02\/IMG_1153-scaled.jpg\"><img loading=\"lazy\" decoding=\"async\" width=\"1024\" height=\"768\" data-id=\"401\" src=\"https:\/\/www.muveszetesadminbiztonsag.hu\/wp-content\/uploads\/2020\/02\/IMG_1153-1024x768.jpg\" alt=\"\" class=\"wp-image-401\" srcset=\"https:\/\/www.muveszetesadminbiztonsag.hu\/wp-content\/uploads\/2020\/02\/IMG_1153-1024x768.jpg 1024w, https:\/\/www.muveszetesadminbiztonsag.hu\/wp-content\/uploads\/2020\/02\/IMG_1153-300x225.jpg 300w, https:\/\/www.muveszetesadminbiztonsag.hu\/wp-content\/uploads\/2020\/02\/IMG_1153-768x576.jpg 768w, https:\/\/www.muveszetesadminbiztonsag.hu\/wp-content\/uploads\/2020\/02\/IMG_1153-1536x1152.jpg 1536w, https:\/\/www.muveszetesadminbiztonsag.hu\/wp-content\/uploads\/2020\/02\/IMG_1153-2048x1536.jpg 2048w, https:\/\/www.muveszetesadminbiztonsag.hu\/wp-content\/uploads\/2020\/02\/IMG_1153-1140x855.jpg 1140w\" sizes=\"auto, (max-width: 1024px) 100vw, 1024px\" \/><\/a><\/figure>\n\n\n\n<figure class=\"wp-block-image size-large\"><a href=\"https:\/\/www.muveszetesadminbiztonsag.hu\/wp-content\/uploads\/2020\/02\/IMG_1111-scaled.jpg\"><img loading=\"lazy\" decoding=\"async\" width=\"1024\" height=\"768\" data-id=\"403\" src=\"https:\/\/www.muveszetesadminbiztonsag.hu\/wp-content\/uploads\/2020\/02\/IMG_1111-1024x768.jpg\" alt=\"\" class=\"wp-image-403\" srcset=\"https:\/\/www.muveszetesadminbiztonsag.hu\/wp-content\/uploads\/2020\/02\/IMG_1111-1024x768.jpg 1024w, https:\/\/www.muveszetesadminbiztonsag.hu\/wp-content\/uploads\/2020\/02\/IMG_1111-300x225.jpg 300w, https:\/\/www.muveszetesadminbiztonsag.hu\/wp-content\/uploads\/2020\/02\/IMG_1111-768x576.jpg 768w, https:\/\/www.muveszetesadminbiztonsag.hu\/wp-content\/uploads\/2020\/02\/IMG_1111-1536x1152.jpg 1536w, https:\/\/www.muveszetesadminbiztonsag.hu\/wp-content\/uploads\/2020\/02\/IMG_1111-2048x1536.jpg 2048w, https:\/\/www.muveszetesadminbiztonsag.hu\/wp-content\/uploads\/2020\/02\/IMG_1111-1140x855.jpg 1140w\" sizes=\"auto, (max-width: 1024px) 100vw, 1024px\" \/><\/a><\/figure>\n<\/figure>\n\n\n<h4>\u00a0<\/h4>\n<h4 style=\"text-align: center;\"><strong>Demj\u00e9n &#8211; 2019.11.21.<\/strong><\/h4>\n<\/p>\n\n\n<figure class=\"wp-block-gallery has-nested-images columns-default is-cropped wp-block-gallery-6 is-layout-flex wp-block-gallery-is-layout-flex\">\n<figure class=\"wp-block-image size-large\"><a href=\"https:\/\/www.muveszetesadminbiztonsag.hu\/wp-content\/uploads\/2020\/09\/IMG_1755-scaled.jpg\"><img loading=\"lazy\" decoding=\"async\" width=\"1024\" height=\"768\" data-id=\"579\" src=\"https:\/\/www.muveszetesadminbiztonsag.hu\/wp-content\/uploads\/2020\/09\/IMG_1755-1024x768.jpg\" alt=\"\" class=\"wp-image-579\" srcset=\"https:\/\/www.muveszetesadminbiztonsag.hu\/wp-content\/uploads\/2020\/09\/IMG_1755-1024x768.jpg 1024w, https:\/\/www.muveszetesadminbiztonsag.hu\/wp-content\/uploads\/2020\/09\/IMG_1755-300x225.jpg 300w, https:\/\/www.muveszetesadminbiztonsag.hu\/wp-content\/uploads\/2020\/09\/IMG_1755-768x576.jpg 768w, https:\/\/www.muveszetesadminbiztonsag.hu\/wp-content\/uploads\/2020\/09\/IMG_1755-1536x1152.jpg 1536w, https:\/\/www.muveszetesadminbiztonsag.hu\/wp-content\/uploads\/2020\/09\/IMG_1755-2048x1536.jpg 2048w, https:\/\/www.muveszetesadminbiztonsag.hu\/wp-content\/uploads\/2020\/09\/IMG_1755-1140x855.jpg 1140w\" sizes=\"auto, (max-width: 1024px) 100vw, 1024px\" \/><\/a><\/figure>\n\n\n\n<figure class=\"wp-block-image size-large\"><a href=\"https:\/\/www.muveszetesadminbiztonsag.hu\/wp-content\/uploads\/2020\/09\/IMG_1757-scaled.jpg\"><img loading=\"lazy\" decoding=\"async\" width=\"1024\" height=\"768\" data-id=\"580\" src=\"https:\/\/www.muveszetesadminbiztonsag.hu\/wp-content\/uploads\/2020\/09\/IMG_1757-1024x768.jpg\" alt=\"\" class=\"wp-image-580\" srcset=\"https:\/\/www.muveszetesadminbiztonsag.hu\/wp-content\/uploads\/2020\/09\/IMG_1757-1024x768.jpg 1024w, https:\/\/www.muveszetesadminbiztonsag.hu\/wp-content\/uploads\/2020\/09\/IMG_1757-300x225.jpg 300w, https:\/\/www.muveszetesadminbiztonsag.hu\/wp-content\/uploads\/2020\/09\/IMG_1757-768x576.jpg 768w, https:\/\/www.muveszetesadminbiztonsag.hu\/wp-content\/uploads\/2020\/09\/IMG_1757-1536x1152.jpg 1536w, https:\/\/www.muveszetesadminbiztonsag.hu\/wp-content\/uploads\/2020\/09\/IMG_1757-2048x1536.jpg 2048w, https:\/\/www.muveszetesadminbiztonsag.hu\/wp-content\/uploads\/2020\/09\/IMG_1757-1140x855.jpg 1140w\" sizes=\"auto, (max-width: 1024px) 100vw, 1024px\" \/><\/a><\/figure>\n\n\n\n<figure class=\"wp-block-image size-large\"><a href=\"https:\/\/www.muveszetesadminbiztonsag.hu\/wp-content\/uploads\/2020\/09\/IMG_9473.jpg\"><img loading=\"lazy\" decoding=\"async\" width=\"1024\" height=\"768\" data-id=\"581\" src=\"https:\/\/www.muveszetesadminbiztonsag.hu\/wp-content\/uploads\/2020\/09\/IMG_9473-1024x768.jpg\" alt=\"\" class=\"wp-image-581\" srcset=\"https:\/\/www.muveszetesadminbiztonsag.hu\/wp-content\/uploads\/2020\/09\/IMG_9473-1024x768.jpg 1024w, https:\/\/www.muveszetesadminbiztonsag.hu\/wp-content\/uploads\/2020\/09\/IMG_9473-300x225.jpg 300w, https:\/\/www.muveszetesadminbiztonsag.hu\/wp-content\/uploads\/2020\/09\/IMG_9473-768x576.jpg 768w, https:\/\/www.muveszetesadminbiztonsag.hu\/wp-content\/uploads\/2020\/09\/IMG_9473-1536x1152.jpg 1536w, https:\/\/www.muveszetesadminbiztonsag.hu\/wp-content\/uploads\/2020\/09\/IMG_9473-1140x855.jpg 1140w, https:\/\/www.muveszetesadminbiztonsag.hu\/wp-content\/uploads\/2020\/09\/IMG_9473.jpg 2048w\" sizes=\"auto, (max-width: 1024px) 100vw, 1024px\" \/><\/a><\/figure>\n<\/figure>\n ","protected":false},"excerpt":{"rendered":"<p>A projekt sor\u00e1n a c\u00e9lcsoportnak sz\u00f3l\u00f3 t\u00e1j\u00e9koztat\u00f3 rendezv\u00e9nyek val\u00f3sultak meg. A rendezv\u00e9nyek sor\u00e1n az \u00e9rintett munkav\u00e1llal\u00f3k, munk\u00e1ltat\u00f3k inform\u00e1ci\u00f3b\u0151v\u00edt\u00e9se volt a c\u00e9l, els\u0151sorban, hogy milyen \u00e1gazat- \u00e9s munkak\u00f6rspecifikus kock\u00e1zatokra sz\u00fcks\u00e9ges a munkav\u00e9gz\u00e9s sor\u00e1n hangs\u00falyt, figyelmet ford\u00edtani. A prevenci\u00f3, eg\u00e9szs\u00e9gmeg\u0151rz\u00e9s m\u00f3djainak k\u00f6zvetlen ismertet\u00e9s\u00e9nek kiv\u00e1l\u00f3 m\u00f3dja. A projekt sor\u00e1n 6 db rendezv\u00e9ny ker\u00fclt megrendez\u00e9sre \u00f6sszesen 300 f\u0151 (rendezv\u00e9nyenk\u00e9nt 50 f\u0151) r\u00e9szv\u00e9tel\u00e9vel. \u00a0 A rendezv\u00e9nyek az al\u00e1bbi id\u0151pontban \u00e9s telep\u00fcl\u00e9seken val\u00f3sultak meg: 2019.07.24. Szolnok 2019.08.14. Pipishegy 2019.11.05. Tatab\u00e1nya 2019.11.12. Tatab\u00e1nya 2019.11.18. Tatab\u00e1nya 2019.11.21. Demj\u00e9n A rendezv\u00e9nyekr\u0151l tov\u00e1bbi fot\u00f3k a Gal\u00e9ri\u00e1ban tekinthet\u0151ek meg. \u00a0 Szolnok &#8211; 2019.07.24. \u00a0 Pipishegy &#8211; 2019.08.14. \u00a0 Tatab\u00e1nya &#8211; 2019.11.05. Tatab\u00e1nya &#8211; 2019.11.12. Tatab\u00e1nya &#8211; 2019.11.18. \u00a0 Demj\u00e9n &#8211; 2019.11.21.<\/p>\n","protected":false},"author":2,"featured_media":0,"parent":52,"menu_order":0,"comment_status":"closed","ping_status":"closed","template":"","meta":{"footnotes":""},"class_list":["post-50","page","type-page","status-publish","hentry"],"_links":{"self":[{"href":"https:\/\/www.muveszetesadminbiztonsag.hu\/index.php\/wp-json\/wp\/v2\/pages\/50","targetHints":{"allow":["GET"]}}],"collection":[{"href":"https:\/\/www.muveszetesadminbiztonsag.hu\/index.php\/wp-json\/wp\/v2\/pages"}],"about":[{"href":"https:\/\/www.muveszetesadminbiztonsag.hu\/index.php\/wp-json\/wp\/v2\/types\/page"}],"author":[{"embeddable":true,"href":"https:\/\/www.muveszetesadminbiztonsag.hu\/index.php\/wp-json\/wp\/v2\/users\/2"}],"replies":[{"embeddable":true,"href":"https:\/\/www.muveszetesadminbiztonsag.hu\/index.php\/wp-json\/wp\/v2\/comments?post=50"}],"version-history":[{"count":25,"href":"https:\/\/www.muveszetesadminbiztonsag.hu\/index.php\/wp-json\/wp\/v2\/pages\/50\/revisions"}],"predecessor-version":[{"id":649,"href":"https:\/\/www.muveszetesadminbiztonsag.hu\/index.php\/wp-json\/wp\/v2\/pages\/50\/revisions\/649"}],"up":[{"embeddable":true,"href":"https:\/\/www.muveszetesadminbiztonsag.hu\/index.php\/wp-json\/wp\/v2\/pages\/52"}],"wp:attachment":[{"href":"https:\/\/www.muveszetesadminbiztonsag.hu\/index.php\/wp-json\/wp\/v2\/media?parent=50"}],"curies":[{"name":"wp","href":"https:\/\/api.w.org\/{rel}","templated":true}]}}