{"id":48,"date":"2018-11-13T14:20:49","date_gmt":"2018-11-13T14:20:49","guid":{"rendered":"http:\/\/www.muveszetesadminbiztonsag.hu\/?page_id=48"},"modified":"2024-07-24T06:51:54","modified_gmt":"2024-07-24T06:51:54","slug":"kapcsolat","status":"publish","type":"page","link":"https:\/\/www.muveszetesadminbiztonsag.hu\/index.php\/kapcsolat\/","title":{"rendered":"Kapcsolat"},"content":{"rendered":"<div style=\"text-align: center;\"><strong>Magyar Iparsz\u00f6vets\u00e9g (OKISZ)<\/strong><\/div>\n<div style=\"text-align: center;\">1141 Budapest, \u00c1lmos vez\u00e9r \u00fatja 58.<\/div>\n<div style=\"text-align: center;\">Telefonsz\u00e1m: +36202542320<br \/>\nEmail c\u00edm: <span id=\"OBJ_PREFIX_DWT494_ZmEmailObjectHandler\" class=\"Object\" role=\"link\"><\/span><a href=\"mailto:okisz@okiszinfo.hu\">okisz@okiszinfo.hu<\/a><\/div>\n<div style=\"text-align: center;\">Web: <a href=\"http:\/\/www.okisz.hu\" target=\"_blank\" rel=\"noopener\">www.okisz.hu<\/a><\/div>\n<div><\/div>\n<div style=\"text-align: center;\"><strong>Szakszervezetek Egy\u00fcttm\u0171k\u00f6d\u00e9si F\u00f3ruma<\/strong><\/div>\n<div style=\"text-align: center;\">1068 Budapest, V\u00e1rosligeti fasor 10.<br \/>\nTelefonsz\u00e1m: 06\/1-413-1614<\/div>\n<div style=\"text-align: center;\">Email c\u00edm: <span id=\"OBJ_PREFIX_DWT495_ZmEmailObjectHandler\" class=\"Object\" role=\"link\"><\/span><a href=\"mailto:szef@szef.hu\">szef@szef.hu<\/a><\/div>\n ","protected":false},"excerpt":{"rendered":"<p>Magyar Iparsz\u00f6vets\u00e9g (OKISZ) 1141 Budapest, \u00c1lmos vez\u00e9r \u00fatja 58. Telefonsz\u00e1m: +36202542320 Email c\u00edm: okisz@okiszinfo.hu Web: www.okisz.hu Szakszervezetek Egy\u00fcttm\u0171k\u00f6d\u00e9si F\u00f3ruma 1068 Budapest, V\u00e1rosligeti fasor 10. Telefonsz\u00e1m: 06\/1-413-1614 Email c\u00edm: szef@szef.hu<\/p>\n","protected":false},"author":2,"featured_media":0,"parent":0,"menu_order":0,"comment_status":"closed","ping_status":"closed","template":"","meta":{"footnotes":""},"class_list":["post-48","page","type-page","status-publish","hentry"],"_links":{"self":[{"href":"https:\/\/www.muveszetesadminbiztonsag.hu\/index.php\/wp-json\/wp\/v2\/pages\/48","targetHints":{"allow":["GET"]}}],"collection":[{"href":"https:\/\/www.muveszetesadminbiztonsag.hu\/index.php\/wp-json\/wp\/v2\/pages"}],"about":[{"href":"https:\/\/www.muveszetesadminbiztonsag.hu\/index.php\/wp-json\/wp\/v2\/types\/page"}],"author":[{"embeddable":true,"href":"https:\/\/www.muveszetesadminbiztonsag.hu\/index.php\/wp-json\/wp\/v2\/users\/2"}],"replies":[{"embeddable":true,"href":"https:\/\/www.muveszetesadminbiztonsag.hu\/index.php\/wp-json\/wp\/v2\/comments?post=48"}],"version-history":[{"count":9,"href":"https:\/\/www.muveszetesadminbiztonsag.hu\/index.php\/wp-json\/wp\/v2\/pages\/48\/revisions"}],"predecessor-version":[{"id":643,"href":"https:\/\/www.muveszetesadminbiztonsag.hu\/index.php\/wp-json\/wp\/v2\/pages\/48\/revisions\/643"}],"wp:attachment":[{"href":"https:\/\/www.muveszetesadminbiztonsag.hu\/index.php\/wp-json\/wp\/v2\/media?parent=48"}],"curies":[{"name":"wp","href":"https:\/\/api.w.org\/{rel}","templated":true}]}}