{"id":298,"date":"2019-12-10T08:26:19","date_gmt":"2019-12-10T08:26:19","guid":{"rendered":"http:\/\/www.muveszetesadminbiztonsag.hu\/?page_id=298"},"modified":"2024-07-24T07:28:41","modified_gmt":"2024-07-24T07:28:41","slug":"tanulmanyok","status":"publish","type":"page","link":"https:\/\/www.muveszetesadminbiztonsag.hu\/index.php\/kiadvanyok\/tanulmanyok\/","title":{"rendered":"Tanulm\u00e1nyok"},"content":{"rendered":"<h4><strong>Munkabiztons\u00e1gi tanulm\u00e1ny:<\/strong><\/h4>\n<p style=\"text-align: justify;\">Az adminisztr\u00e1ci\u00f3 \u00e9s szolg\u00e1ltat\u00e1st t\u00e1mogat\u00f3 tev\u00e9kenys\u00e9g, \u00e9s a m\u0171v\u00e9szet, sz\u00f3rakoztat\u00e1s, szabadid\u0151 \u00e1gazatokban mindenk\u00e9ppen foglalkozni kell a munkabiztons\u00e1g k\u00e9rd\u00e9s\u00e9vel, hab\u00e1r termel\u0151 jelleg\u0171 munka nem folyik. Ennek ellen\u00e9re a m\u0171v\u00e9szet \u00e9s sz\u00f3rakoztat\u00e1s \u00e1gazatokban t\u00f6bb olyan g\u00e9pet \u00e9s berendez\u00e9st, pirotechnikai \u00e9s egy\u00e9b l\u00e1tv\u00e1nyelemet haszn\u00e1lnak, melyek ak\u00e1r kimagasl\u00f3 kock\u00e1zatot jelenthetnek \u00e9s nagy a val\u00f3sz\u00edn\u0171s\u00e9ge egy esetleges baleset bek\u00f6vetkez\u00e9s\u00e9nek. Nem elhanyagolhat\u00f3 a szolg\u00e1ltat\u00e1st t\u00e1mogat\u00f3 tev\u00e9kenys\u00e9g sem, melyben a dolgoz\u00f3k jelent\u0151s m\u00e9rt\u00e9kben vannak kit\u00e9ve vegyi hat\u00e1soknak \u00e9s a munka jelleg\u00e9t\u0151l f\u00fcgg\u0151en vesz\u00e9lyes g\u00e9peknek is&#8230;<\/p>\n\n\n<div class=\"wp-block-file\"><a href=\"https:\/\/www.muveszetesadminbiztonsag.hu\/wp-content\/uploads\/2020\/01\/Adminisztr\u00e1ci\u00f3-m\u0171v\u00e9szet-sz\u00f3rakoztat\u00e1s-szabadid\u0151_\u00c1gazat_tanulm\u00e1ny_munkabiztons\u00e1gi-1.pdf\" class=\"wp-block-file__button\" download>Let\u00f6lt\u00e9s<\/a><\/div>\n\n\n<h4>\u00a0<\/h4>\n<h4><strong>Munkaeg\u00e9szs\u00e9g\u00fcgyi tanulm\u00e1ny:<\/strong><\/h4>\n<p style=\"text-align: justify;\">Az adminisztr\u00e1ci\u00f3 \u00e9s szolg\u00e1ltat\u00e1st t\u00e1mogat\u00f3 tev\u00e9kenys\u00e9g, \u00e9s a m\u0171v\u00e9szet, sz\u00f3rakoztat\u00e1s, szabadid\u0151 \u00e1gazatokban hangs\u00falyos a munkaeg\u00e9szs\u00e9g\u00fcgy k\u00e9rd\u00e9se, mivel igen nagy mennyis\u00e9g\u0171 \u00e9s a munkav\u00e9gz\u00e9s teljes id\u0151tartama alatt fenn\u00e1ll\u00f3 eg\u00e9szs\u00e9g\u00fcgyi kock\u00e1zatoknak van kit\u00e9ve a munkav\u00e1llal\u00f3. Nem elhanyagolhat\u00f3 a szolg\u00e1ltat\u00e1st t\u00e1mogat\u00f3 tev\u00e9kenys\u00e9g sem, melyben dolgoz\u00f3k jelent\u0151s m\u00e9rt\u00e9kben vannak kit\u00e9ve vegyi hat\u00e1soknak. A legjelent\u0151sebb eg\u00e9szs\u00e9gk\u00e1ros\u00edt\u00f3 t\u00e9nyez\u0151k a munkahelyi stressz, az extr\u00e9m mozdulatok \u00e9s fizikai megterhel\u00e9s (sz\u00ednh\u00e1z, cirkusz, t\u00e1nc stb.), mely a v\u00e1z \u00e9s izomrendszer betegs\u00e9geit \u00e9s elv\u00e1ltoz\u00e1sait okozhatj\u00e1k. Ezeken fel\u00fcl m\u00e9g jelent\u0151s a biol\u00f3giai kock\u00e1zat is a m\u0171v\u00e9szeti, sz\u00f3rakoztat\u00f3 \u00e9s szabadid\u0151s tev\u00e9kenys\u00e9gekre l\u00e1togat\u00f3 n\u00e9z\u0151k, r\u00e9sztvev\u0151k ok\u00e1n, valamint a cirkuszi el\u0151ad\u00e1sok, sz\u00f3rakoztat\u00f3 \u00e9s szabadid\u0151s tev\u00e9kenys\u00e9gek sor\u00e1n haszn\u00e1lt \u00e9s bemutatott \u00e1llatok miatt&#8230;<\/p>\n\n\n<div class=\"wp-block-file\"><a href=\"https:\/\/www.muveszetesadminbiztonsag.hu\/wp-content\/uploads\/2020\/01\/Adminisztr\u00e1ci\u00f3-m\u0171v\u00e9szet-sz\u00f3rakoztat\u00e1s-szabadid\u0151_\u00c1gazat_tanulm\u00e1ny_munkaeg\u00e9szs\u00e9g\u00fcgyi-1.pdf\" class=\"wp-block-file__button\" download>Let\u00f6lt\u00e9s<\/a><\/div>\n\n\n<h4>\u00a0<\/h4>\n<h4><strong>Kutat\u00e1si jelent\u00e9s:<\/strong><\/h4>\n<p style=\"text-align: justify;\">A kutat\u00e1s c\u00e9lkit\u0171z\u00e9se: A foglalkoz\u00e1s eg\u00e9szs\u00e9g\u00fcgy \u00e9s munkabiztons\u00e1g \u00e1ltal\u00e1nos helyzete, szerepe \u00e9s lehet\u0151s\u00e9gei az adminisztrat\u00edv \u00e9s m\u0171v\u00e9szet \u00e1gazatokban foglalkoztatottak r\u00e9sz\u00e9re. A foglalkoz\u00e1seg\u00e9szs\u00e9g\u00fcgy \u00e9s munkabiztons\u00e1g feladatai \u00e9s lehet\u0151s\u00e9gei az ergon\u00f3miai kock\u00e1zatoknak kitett munkav\u00e1llal\u00f3k eset\u00e9n az adminisztrat\u00edv \u00e9s m\u0171v\u00e9szet \u00e1gazatokban foglalkoztatottak r\u00e9sz\u00e9re. Tov\u00e1bb\u00e1 kieg\u00e9sz\u00edt\u0151 kapcsol\u00f3d\u00f3 kutat\u00e1s a foglalkoz\u00e1s-eg\u00e9szs\u00e9g\u00fcgy \u00e9s munkabiztons\u00e1g feladatai \u00e9s lehet\u0151s\u00e9gei az id\u0151s\u00f6d\u0151 munkav\u00e1llal\u00f3k akt\u00edv \u00e9letkor\u00e1nak meghosszabb\u00edt\u00e1s\u00e1ra az adminisztrat\u00edv \u00e9s m\u0171v\u00e9szet \u00e1gazatokban foglalkoztatottak r\u00e9sz\u00e9re. A kutat\u00e1s c\u00e9lja felm\u00e9rni a jelenlegi helyzetet kiemelten az ergon\u00f3miai, pszichoszoci\u00e1lis \u00e9s pszich\u00e9s terhel\u00e9sekre vonatkoz\u00f3 egyes kock\u00e1zatokat az adminisztrat\u00edv \u00e9s m\u0171v\u00e9szet \u00e1gazatokban.<\/p>\n\n\n<div class=\"wp-block-file\"><a href=\"https:\/\/www.muveszetesadminbiztonsag.hu\/wp-content\/uploads\/2019\/12\/OKISZ-munkave\u0301delmi-kutata\u0301s-o\u0308sszegze\u0301se_35.pdf\" class=\"wp-block-file__button\" download>Let\u00f6lt\u00e9s<\/a><\/div>\n ","protected":false},"excerpt":{"rendered":"<p>Munkabiztons\u00e1gi tanulm\u00e1ny: Az adminisztr\u00e1ci\u00f3 \u00e9s szolg\u00e1ltat\u00e1st t\u00e1mogat\u00f3 tev\u00e9kenys\u00e9g, \u00e9s a m\u0171v\u00e9szet, sz\u00f3rakoztat\u00e1s, szabadid\u0151 \u00e1gazatokban mindenk\u00e9ppen foglalkozni kell a munkabiztons\u00e1g k\u00e9rd\u00e9s\u00e9vel, hab\u00e1r termel\u0151 jelleg\u0171 munka nem folyik. Ennek ellen\u00e9re a m\u0171v\u00e9szet \u00e9s sz\u00f3rakoztat\u00e1s \u00e1gazatokban t\u00f6bb olyan g\u00e9pet \u00e9s berendez\u00e9st, pirotechnikai \u00e9s egy\u00e9b l\u00e1tv\u00e1nyelemet haszn\u00e1lnak, melyek ak\u00e1r kimagasl\u00f3 kock\u00e1zatot jelenthetnek \u00e9s nagy a val\u00f3sz\u00edn\u0171s\u00e9ge egy esetleges baleset bek\u00f6vetkez\u00e9s\u00e9nek. Nem elhanyagolhat\u00f3 a szolg\u00e1ltat\u00e1st t\u00e1mogat\u00f3 tev\u00e9kenys\u00e9g sem, melyben a dolgoz\u00f3k jelent\u0151s m\u00e9rt\u00e9kben vannak kit\u00e9ve vegyi hat\u00e1soknak \u00e9s a munka jelleg\u00e9t\u0151l f\u00fcgg\u0151en vesz\u00e9lyes g\u00e9peknek is&#8230; \u00a0 Munkaeg\u00e9szs\u00e9g\u00fcgyi tanulm\u00e1ny: Az adminisztr\u00e1ci\u00f3 \u00e9s szolg\u00e1ltat\u00e1st t\u00e1mogat\u00f3 tev\u00e9kenys\u00e9g, \u00e9s a m\u0171v\u00e9szet, sz\u00f3rakoztat\u00e1s, szabadid\u0151 \u00e1gazatokban hangs\u00falyos a munkaeg\u00e9szs\u00e9g\u00fcgy k\u00e9rd\u00e9se, mivel igen nagy mennyis\u00e9g\u0171 \u00e9s a munkav\u00e9gz\u00e9s teljes id\u0151tartama alatt fenn\u00e1ll\u00f3 eg\u00e9szs\u00e9g\u00fcgyi kock\u00e1zatoknak van kit\u00e9ve a munkav\u00e1llal\u00f3. Nem elhanyagolhat\u00f3 a szolg\u00e1ltat\u00e1st t\u00e1mogat\u00f3 tev\u00e9kenys\u00e9g sem, melyben dolgoz\u00f3k jelent\u0151s m\u00e9rt\u00e9kben vannak kit\u00e9ve vegyi hat\u00e1soknak. A legjelent\u0151sebb eg\u00e9szs\u00e9gk\u00e1ros\u00edt\u00f3 t\u00e9nyez\u0151k a munkahelyi stressz, az extr\u00e9m mozdulatok \u00e9s fizikai megterhel\u00e9s (sz\u00ednh\u00e1z, cirkusz, t\u00e1nc stb.), mely a v\u00e1z \u00e9s izomrendszer betegs\u00e9geit \u00e9s elv\u00e1ltoz\u00e1sait okozhatj\u00e1k. Ezeken fel\u00fcl m\u00e9g jelent\u0151s a biol\u00f3giai kock\u00e1zat is a m\u0171v\u00e9szeti, sz\u00f3rakoztat\u00f3 \u00e9s szabadid\u0151s tev\u00e9kenys\u00e9gekre l\u00e1togat\u00f3 n\u00e9z\u0151k, r\u00e9sztvev\u0151k ok\u00e1n, valamint a cirkuszi el\u0151ad\u00e1sok, sz\u00f3rakoztat\u00f3 \u00e9s szabadid\u0151s tev\u00e9kenys\u00e9gek sor\u00e1n haszn\u00e1lt \u00e9s bemutatott \u00e1llatok miatt&#8230; \u00a0 Kutat\u00e1si jelent\u00e9s: A kutat\u00e1s c\u00e9lkit\u0171z\u00e9se: A foglalkoz\u00e1s eg\u00e9szs\u00e9g\u00fcgy \u00e9s munkabiztons\u00e1g \u00e1ltal\u00e1nos helyzete, szerepe \u00e9s lehet\u0151s\u00e9gei az adminisztrat\u00edv \u00e9s m\u0171v\u00e9szet \u00e1gazatokban foglalkoztatottak r\u00e9sz\u00e9re. A foglalkoz\u00e1seg\u00e9szs\u00e9g\u00fcgy \u00e9s munkabiztons\u00e1g feladatai \u00e9s lehet\u0151s\u00e9gei az ergon\u00f3miai kock\u00e1zatoknak kitett munkav\u00e1llal\u00f3k eset\u00e9n az adminisztrat\u00edv \u00e9s m\u0171v\u00e9szet \u00e1gazatokban foglalkoztatottak r\u00e9sz\u00e9re. Tov\u00e1bb\u00e1 kieg\u00e9sz\u00edt\u0151 kapcsol\u00f3d\u00f3 kutat\u00e1s a foglalkoz\u00e1s-eg\u00e9szs\u00e9g\u00fcgy \u00e9s munkabiztons\u00e1g feladatai \u00e9s lehet\u0151s\u00e9gei az id\u0151s\u00f6d\u0151 munkav\u00e1llal\u00f3k akt\u00edv \u00e9letkor\u00e1nak meghosszabb\u00edt\u00e1s\u00e1ra az adminisztrat\u00edv \u00e9s m\u0171v\u00e9szet \u00e1gazatokban foglalkoztatottak r\u00e9sz\u00e9re. A kutat\u00e1s c\u00e9lja felm\u00e9rni a jelenlegi helyzetet kiemelten az ergon\u00f3miai, pszichoszoci\u00e1lis \u00e9s pszich\u00e9s terhel\u00e9sekre vonatkoz\u00f3 egyes kock\u00e1zatokat az adminisztrat\u00edv \u00e9s m\u0171v\u00e9szet \u00e1gazatokban.<\/p>\n","protected":false},"author":2,"featured_media":0,"parent":302,"menu_order":0,"comment_status":"closed","ping_status":"closed","template":"","meta":{"footnotes":""},"class_list":["post-298","page","type-page","status-publish","hentry"],"_links":{"self":[{"href":"https:\/\/www.muveszetesadminbiztonsag.hu\/index.php\/wp-json\/wp\/v2\/pages\/298","targetHints":{"allow":["GET"]}}],"collection":[{"href":"https:\/\/www.muveszetesadminbiztonsag.hu\/index.php\/wp-json\/wp\/v2\/pages"}],"about":[{"href":"https:\/\/www.muveszetesadminbiztonsag.hu\/index.php\/wp-json\/wp\/v2\/types\/page"}],"author":[{"embeddable":true,"href":"https:\/\/www.muveszetesadminbiztonsag.hu\/index.php\/wp-json\/wp\/v2\/users\/2"}],"replies":[{"embeddable":true,"href":"https:\/\/www.muveszetesadminbiztonsag.hu\/index.php\/wp-json\/wp\/v2\/comments?post=298"}],"version-history":[{"count":8,"href":"https:\/\/www.muveszetesadminbiztonsag.hu\/index.php\/wp-json\/wp\/v2\/pages\/298\/revisions"}],"predecessor-version":[{"id":466,"href":"https:\/\/www.muveszetesadminbiztonsag.hu\/index.php\/wp-json\/wp\/v2\/pages\/298\/revisions\/466"}],"up":[{"embeddable":true,"href":"https:\/\/www.muveszetesadminbiztonsag.hu\/index.php\/wp-json\/wp\/v2\/pages\/302"}],"wp:attachment":[{"href":"https:\/\/www.muveszetesadminbiztonsag.hu\/index.php\/wp-json\/wp\/v2\/media?parent=298"}],"curies":[{"name":"wp","href":"https:\/\/api.w.org\/{rel}","templated":true}]}}